{"id":758,"date":"2024-06-16T11:04:35","date_gmt":"2024-06-16T11:04:35","guid":{"rendered":"http:\/\/killfire.pl\/montage-von-brandschutzanlagen\/"},"modified":"2025-10-01T20:05:31","modified_gmt":"2025-10-01T20:05:31","slug":"montage-von-brandschutzanlagen","status":"publish","type":"page","link":"https:\/\/killfire.pl\/de\/montage-von-brandschutzanlagen\/","title":{"rendered":"Montage von Brandschutzanlagen"},"content":{"rendered":"\t\t<div data-elementor-type=\"wp-page\" data-elementor-id=\"758\" class=\"elementor elementor-758 elementor-413\" data-elementor-settings=\"{&quot;element_pack_global_tooltip_width&quot;:{&quot;unit&quot;:&quot;px&quot;,&quot;size&quot;:&quot;&quot;,&quot;sizes&quot;:[]},&quot;element_pack_global_tooltip_width_tablet&quot;:{&quot;unit&quot;:&quot;px&quot;,&quot;size&quot;:&quot;&quot;,&quot;sizes&quot;:[]},&quot;element_pack_global_tooltip_width_mobile&quot;:{&quot;unit&quot;:&quot;px&quot;,&quot;size&quot;:&quot;&quot;,&quot;sizes&quot;:[]},&quot;element_pack_global_tooltip_padding&quot;:{&quot;unit&quot;:&quot;px&quot;,&quot;top&quot;:&quot;&quot;,&quot;right&quot;:&quot;&quot;,&quot;bottom&quot;:&quot;&quot;,&quot;left&quot;:&quot;&quot;,&quot;isLinked&quot;:true},&quot;element_pack_global_tooltip_padding_tablet&quot;:{&quot;unit&quot;:&quot;px&quot;,&quot;top&quot;:&quot;&quot;,&quot;right&quot;:&quot;&quot;,&quot;bottom&quot;:&quot;&quot;,&quot;left&quot;:&quot;&quot;,&quot;isLinked&quot;:true},&quot;element_pack_global_tooltip_padding_mobile&quot;:{&quot;unit&quot;:&quot;px&quot;,&quot;top&quot;:&quot;&quot;,&quot;right&quot;:&quot;&quot;,&quot;bottom&quot;:&quot;&quot;,&quot;left&quot;:&quot;&quot;,&quot;isLinked&quot;:true},&quot;element_pack_global_tooltip_border_radius&quot;:{&quot;unit&quot;:&quot;px&quot;,&quot;top&quot;:&quot;&quot;,&quot;right&quot;:&quot;&quot;,&quot;bottom&quot;:&quot;&quot;,&quot;left&quot;:&quot;&quot;,&quot;isLinked&quot;:true},&quot;element_pack_global_tooltip_border_radius_tablet&quot;:{&quot;unit&quot;:&quot;px&quot;,&quot;top&quot;:&quot;&quot;,&quot;right&quot;:&quot;&quot;,&quot;bottom&quot;:&quot;&quot;,&quot;left&quot;:&quot;&quot;,&quot;isLinked&quot;:true},&quot;element_pack_global_tooltip_border_radius_mobile&quot;:{&quot;unit&quot;:&quot;px&quot;,&quot;top&quot;:&quot;&quot;,&quot;right&quot;:&quot;&quot;,&quot;bottom&quot;:&quot;&quot;,&quot;left&quot;:&quot;&quot;,&quot;isLinked&quot;:true}}\" data-elementor-post-type=\"page\">\n\t\t\t\t<div class=\"elementor-element elementor-element-c038bad e-flex e-con-boxed e-con e-parent\" data-id=\"c038bad\" data-element_type=\"container\" data-e-type=\"container\" data-settings=\"{&quot;background_background&quot;:&quot;gradient&quot;}\">\n\t\t\t\t\t<div class=\"e-con-inner\">\n\t\t\t\t\t<\/div>\n\t\t\t\t<\/div>\n\t\t<div class=\"elementor-element elementor-element-efb0827 e-flex e-con-boxed e-con e-parent\" data-id=\"efb0827\" data-element_type=\"container\" data-e-type=\"container\">\n\t\t\t\t\t<div class=\"e-con-inner\">\n\t\t<div class=\"elementor-element elementor-element-7ae57b0 e-con-full e-flex e-con e-child\" data-id=\"7ae57b0\" data-element_type=\"container\" data-e-type=\"container\">\n\t\t\t\t<div class=\"elementor-element elementor-element-ede27af elementor-widget elementor-widget-bdt-breadcrumbs\" data-id=\"ede27af\" data-element_type=\"widget\" data-e-type=\"widget\" data-widget_type=\"bdt-breadcrumbs.default\">\n\t\t\t\t<div class=\"elementor-widget-container\">\n\t\t\t\t\t<div class='bdt-ep-breadcrumbs-wrapper'><ul class=\"bdt-ep-breadcrumb breadcrumb-align-left  \"><li><a href=\"https:\/\/killfire.pl\/de\/\">KillFire<\/a><\/li>\n<li><span> Montage von Brandschutzanlagen<\/span><\/li>\n<\/ul><\/div>\t\t\t\t<\/div>\n\t\t\t\t<\/div>\n\t\t\t\t<div class=\"elementor-element elementor-element-0f32533 elementor-widget__width-initial elementor-widget elementor-widget-heading\" data-id=\"0f32533\" data-element_type=\"widget\" data-e-type=\"widget\" data-widget_type=\"heading.default\">\n\t\t\t\t<div class=\"elementor-widget-container\">\n\t\t\t\t\t<h1 class=\"elementor-heading-title elementor-size-default\">Montage von Brandschutzanlagen<\/h1>\t\t\t\t<\/div>\n\t\t\t\t<\/div>\n\t\t\t\t<div class=\"elementor-element elementor-element-fd53283 elementor-widget__width-inherit elementor-widget elementor-widget-text-editor\" data-id=\"fd53283\" data-element_type=\"widget\" data-e-type=\"widget\" data-widget_type=\"text-editor.default\">\n\t\t\t\t<div class=\"elementor-widget-container\">\n\t\t\t\t\t\t\t\t\t<p data-start=\"1018\" data-end=\"1553\">Wir bei Killfire besch\u00e4ftigen uns u. a. mit der <strong data-start=\"1066\" data-end=\"1100\">Montage von Brandschutzanlagen<\/strong>, die f\u00fcr Geb\u00e4ude mit unterschiedlichen Brandschutzanforderungen entwickelt werden. Wir arbeiten sowohl nach eigenen Planungen als auch nach kundenseitig bereitgestellten Projekten, die \u2013 je nach Bedarf \u2013 Folgendes umfassen k\u00f6nnen:<br data-start=\"1331\" data-end=\"1334\" \/>\u2022 Montage von Sprinkleranlagen<br data-start=\"1366\" data-end=\"1369\" \/>\u2022 Montage von Schauml\u00f6schanlagen<br data-start=\"1403\" data-end=\"1406\" \/>\u2022 Montage von Spr\u00fch- oder Flutl\u00f6schanlagen<br data-start=\"1450\" data-end=\"1453\" \/>\u2022 Montage von Hydrantenanlagen<br data-start=\"1485\" data-end=\"1488\" \/>\u2022 Bau von Feuerl\u00f6schpumpstationen mit L\u00f6schwasservorratstanks<\/p>\n<p><\/p>\n<p data-start=\"1558\" data-end=\"1859\">Unser Team \u00fcbernimmt den gesamten Prozess der Errichtung aktiver Brandschutzsysteme: Beratung, Planung und <strong data-start=\"1665\" data-end=\"1705\">Projektierung von Brandschutzanlagen<\/strong>, Vorfertigung und Transport der Komponenten, Installation des Systems im Geb\u00e4ude, Inbetriebnahme, Abnahme sowie Gew\u00e4hrleistungs- und Nachgarantieservice.<\/p>\n\t\t\t\t\t\t\t\t<\/div>\n\t\t\t\t<\/div>\n\t\t\t\t<\/div>\n\t\t<div class=\"elementor-element elementor-element-911e0ec e-con-full e-flex e-con e-child\" data-id=\"911e0ec\" data-element_type=\"container\" data-e-type=\"container\">\n\t\t\t\t<div class=\"elementor-element elementor-element-b28bd3b elementor-widget elementor-widget-image\" data-id=\"b28bd3b\" data-element_type=\"widget\" data-e-type=\"widget\" data-widget_type=\"image.default\">\n\t\t\t\t<div class=\"elementor-widget-container\">\n\t\t\t\t\t\t\t\t\t\t\t\t\t\t\t<img decoding=\"async\" src=\"https:\/\/killfire.pl\/wp-content\/uploads\/2024\/11\/Oferta-Montaz.jpg\" title=\"Oferta &#8211; Monta\u017c\" alt=\"Oferta - Monta\u017c\" loading=\"lazy\" \/>\t\t\t\t\t\t\t\t\t\t\t\t\t\t\t<\/div>\n\t\t\t\t<\/div>\n\t\t\t\t<\/div>\n\t\t\t\t\t<\/div>\n\t\t\t\t<\/div>\n\t\t<div class=\"elementor-element elementor-element-5eb4595 e-flex e-con-boxed e-con e-parent\" data-id=\"5eb4595\" data-element_type=\"container\" data-e-type=\"container\" data-settings=\"{&quot;background_background&quot;:&quot;classic&quot;}\">\n\t\t\t\t\t<div class=\"e-con-inner\">\n\t\t<div class=\"elementor-element elementor-element-89f2c0a e-con-full e-flex e-con e-child\" data-id=\"89f2c0a\" data-element_type=\"container\" data-e-type=\"container\">\n\t\t\t\t<div class=\"elementor-element elementor-element-478a932 elementor-widget elementor-widget-heading\" data-id=\"478a932\" data-element_type=\"widget\" data-e-type=\"widget\" data-widget_type=\"heading.default\">\n\t\t\t\t<div class=\"elementor-widget-container\">\n\t\t\t\t\t<h2 class=\"elementor-heading-title elementor-size-default\">Spr\u00fch- und Flutl\u00f6schanlagen<\/h2>\t\t\t\t<\/div>\n\t\t\t\t<\/div>\n\t\t\t\t<div class=\"elementor-element elementor-element-b05d41c elementor-widget__width-inherit elementor-widget elementor-widget-text-editor\" data-id=\"b05d41c\" data-element_type=\"widget\" data-e-type=\"widget\" data-widget_type=\"text-editor.default\">\n\t\t\t\t<div class=\"elementor-widget-container\">\n\t\t\t\t\t\t\t\t\t<p>Ein dem Sprinklersystem \u00e4hnliches automatisches Feuerl\u00f6schsystem ist die <strong data-start=\"2866\" data-end=\"2896\">Spr\u00fch- und Flutl\u00f6schanlage<\/strong>. Dieses System besteht aus fest installierten, offen aufgebauten L\u00f6schwassereinrichtungen. Aus den offenen L\u00f6schd\u00fcsen wird Wasser sowohl direkt auf den Brandherd als auch auf den gesamten zu sch\u00fctzenden Bereich abgegeben. <strong data-start=\"3119\" data-end=\"3150\">Spr\u00fch- und Flutl\u00f6schanlagen<\/strong> werden eingesetzt, um ein Feuer schnell einzud\u00e4mmen und das Geb\u00e4ude zu k\u00fchlen. Wie bei Sprinkleranlagen kann die L\u00f6schwirkung durch die Zugabe von Schaummittel zum L\u00f6schwasser erh\u00f6ht werden.<\/p>\n\t\t\t\t\t\t\t\t<\/div>\n\t\t\t\t<\/div>\n\t\t\t\t<div class=\"elementor-element elementor-element-604b017 elementor-widget elementor-widget-image\" data-id=\"604b017\" data-element_type=\"widget\" data-e-type=\"widget\" data-widget_type=\"image.default\">\n\t\t\t\t<div class=\"elementor-widget-container\">\n\t\t\t\t\t\t\t\t\t\t\t\t\t\t\t<img decoding=\"async\" src=\"https:\/\/killfire.pl\/wp-content\/uploads\/2024\/03\/instalacja_podstropowa_w_trakcie_montazu_DUZE.jpg\" title=\"instalacja_podstropowa_w_trakcie_montazu_DUZE\" alt=\"Killfire Systemy Przeciwpo\u017carowe - instalacja podstropowa w trakcie montazu\" loading=\"lazy\" \/>\t\t\t\t\t\t\t\t\t\t\t\t\t\t\t<\/div>\n\t\t\t\t<\/div>\n\t\t\t\t<\/div>\n\t\t<div class=\"elementor-element elementor-element-6be57fa e-con-full e-flex e-con e-child\" data-id=\"6be57fa\" data-element_type=\"container\" data-e-type=\"container\">\n\t\t\t\t<div class=\"elementor-element elementor-element-866c3d8 elementor-widget elementor-widget-heading\" data-id=\"866c3d8\" data-element_type=\"widget\" data-e-type=\"widget\" data-widget_type=\"heading.default\">\n\t\t\t\t<div class=\"elementor-widget-container\">\n\t\t\t\t\t<h2 class=\"elementor-heading-title elementor-size-default\">Innenhydranten<\/h2>\t\t\t\t<\/div>\n\t\t\t\t<\/div>\n\t\t\t\t<div class=\"elementor-element elementor-element-ddf99a6 elementor-widget__width-inherit elementor-widget elementor-widget-text-editor\" data-id=\"ddf99a6\" data-element_type=\"widget\" data-e-type=\"widget\" data-widget_type=\"text-editor.default\">\n\t\t\t\t<div class=\"elementor-widget-container\">\n\t\t\t\t\t\t\t\t\t<p data-start=\"817\" data-end=\"1156\"><strong data-start=\"817\" data-end=\"835\">Innenhydranten<\/strong> sind Einrichtungen, die es erm\u00f6glichen, Wasser zur Bek\u00e4mpfung von Br\u00e4nden der Brandklasse A \u2013 also Br\u00e4nden fester Stoffe \u2013 zu entnehmen. Diese Hydranten sind an das interne Wasserversorgungsnetz angeschlossen und erm\u00f6glichen das L\u00f6schen von Br\u00e4nden im Entstehungsstadium sowie optional das Nachl\u00f6schen von Brandherden.<\/p>\n<p><\/p>\n<p data-start=\"1163\" data-end=\"1591\">Innenhydranten m\u00fcssen auf jeder Etage in den Brandabschnitten eines Geb\u00e4udes installiert werden. Aufgrund der unterschiedlichen Schlauchdurchmesser werden drei Haupttypen von Innenhydranten unterschieden:<br data-start=\"1367\" data-end=\"1370\" \/>\u2022 DN-25-Hydrant \u2013 eingesetzt in Bereichen mit Personenbrandgefahr,<br data-start=\"1438\" data-end=\"1441\" \/>\u2022 DN-52-Hydrant \u2013 eingesetzt in Produktions- und Lagerr\u00e4umen mit Brandrisiko,<br data-start=\"1520\" data-end=\"1523\" \/>\u2022 DN-33-Hydrant \u2013 eingesetzt in ein- und mehrgeschossigen Garagen.<\/p>\n\t\t\t\t\t\t\t\t<\/div>\n\t\t\t\t<\/div>\n\t\t\t\t<\/div>\n\t\t<div class=\"elementor-element elementor-element-70760e3 e-con-full e-flex e-con e-child\" data-id=\"70760e3\" data-element_type=\"container\" data-e-type=\"container\">\n\t\t\t\t<div class=\"elementor-element elementor-element-53ed732 elementor-widget elementor-widget-heading\" data-id=\"53ed732\" data-element_type=\"widget\" data-e-type=\"widget\" data-widget_type=\"heading.default\">\n\t\t\t\t<div class=\"elementor-widget-container\">\n\t\t\t\t\t<h2 class=\"elementor-heading-title elementor-size-default\">Feuerl\u00f6schpumpstationen<\/h2>\t\t\t\t<\/div>\n\t\t\t\t<\/div>\n\t\t\t\t<div class=\"elementor-element elementor-element-04dc0c4 elementor-widget__width-inherit elementor-widget elementor-widget-text-editor\" data-id=\"04dc0c4\" data-element_type=\"widget\" data-e-type=\"widget\" data-widget_type=\"text-editor.default\">\n\t\t\t\t<div class=\"elementor-widget-container\">\n\t\t\t\t\t\t\t\t\t<p data-start=\"1836\" data-end=\"2338\">Einer der zentralen Bestandteile station\u00e4rer Wasserl\u00f6schsysteme sind die von unseren Experten geplanten und installierten <strong data-start=\"1958\" data-end=\"1985\">Feuerl\u00f6schpumpstationen<\/strong>. Ihre Aufgabe ist es, die Brandschutzanlage mit Wasser zu versorgen \u2013 entweder aus einem an die Installation angeschlossenen L\u00f6schwassertank oder direkt aus dem Trinkwassernetz. Die Pumpstationen arbeiten zusammen mit:<br data-start=\"2204\" data-end=\"2207\" \/>\u2022 Sprinkleranlagen (Nass- und Trockensysteme)<br data-start=\"2254\" data-end=\"2257\" \/>\u2022 Spr\u00fch- und Flutl\u00f6schanlagen<br data-start=\"2288\" data-end=\"2291\" \/>\u2022 Schauml\u00f6schanlagen<br data-start=\"2313\" data-end=\"2316\" \/>\u2022 Hydrantenanlagen<\/p>\n<p><\/p>\n<p data-start=\"2343\" data-end=\"2579\">Unsere Feuerl\u00f6schpumpstationen basieren auf <strong data-start=\"2387\" data-end=\"2424\">bew\u00e4hrten Brandschutztechnologien<\/strong>, sind sorgf\u00e4ltig geplant und individuell auf die Anforderungen des jeweiligen Objekts abgestimmt, um ein zuverl\u00e4ssiges Sicherheitssystem zu gew\u00e4hrleisten.<\/p>\n\t\t\t\t\t\t\t\t<\/div>\n\t\t\t\t<\/div>\n\t\t\t\t<\/div>\n\t\t\t\t\t<\/div>\n\t\t\t\t<\/div>\n\t\t<div class=\"elementor-element elementor-element-39997a9 e-flex e-con-boxed e-con e-parent\" data-id=\"39997a9\" data-element_type=\"container\" data-e-type=\"container\" data-settings=\"{&quot;background_background&quot;:&quot;gradient&quot;}\">\n\t\t\t\t\t<div class=\"e-con-inner\">\n\t\t\t\t<div class=\"elementor-element elementor-element-ea8182a elementor-widget elementor-widget-heading\" data-id=\"ea8182a\" data-element_type=\"widget\" data-e-type=\"widget\" data-widget_type=\"heading.default\">\n\t\t\t\t<div class=\"elementor-widget-container\">\n\t\t\t\t\t<h2 class=\"elementor-heading-title elementor-size-default\">Mehr in unserem Angebot<\/h2>\t\t\t\t<\/div>\n\t\t\t\t<\/div>\n\t\t<div class=\"elementor-element elementor-element-7845175 e-flex e-con-boxed e-con e-child\" data-id=\"7845175\" data-element_type=\"container\" data-e-type=\"container\">\n\t\t\t\t\t<div class=\"e-con-inner\">\n\t\t<div class=\"elementor-element elementor-element-709ebdc e-flex e-con-boxed e-con e-child\" data-id=\"709ebdc\" data-element_type=\"container\" data-e-type=\"container\" data-settings=\"{&quot;background_background&quot;:&quot;classic&quot;}\">\n\t\t\t\t\t<div class=\"e-con-inner\">\n\t\t<div class=\"elementor-element elementor-element-17cb263 e-flex e-con-boxed e-con e-child\" data-id=\"17cb263\" data-element_type=\"container\" data-e-type=\"container\">\n\t\t\t\t\t<div class=\"e-con-inner\">\n\t\t\t\t<div class=\"elementor-element elementor-element-52d1706 elementor-widget__width-auto elementor-widget elementor-widget-image\" data-id=\"52d1706\" data-element_type=\"widget\" data-e-type=\"widget\" data-widget_type=\"image.default\">\n\t\t\t\t<div class=\"elementor-widget-container\">\n\t\t\t\t\t\t\t\t\t\t\t\t\t\t\t<img fetchpriority=\"high\" decoding=\"async\" width=\"800\" height=\"800\" src=\"https:\/\/killfire.pl\/wp-content\/uploads\/2024\/06\/projekty-iko.svg\" class=\"attachment-large size-large wp-image-750\" alt=\"\" srcset=\"https:\/\/killfire.pl\/wp-content\/uploads\/\/2024\/06\/projekty-iko.svg 150w, https:\/\/killfire.pl\/wp-content\/uploads\/\/2024\/06\/projekty-iko.svg 300w, https:\/\/killfire.pl\/wp-content\/uploads\/\/2024\/06\/projekty-iko.svg 1024w, https:\/\/killfire.pl\/wp-content\/uploads\/\/2024\/06\/projekty-iko.svg 512w\" sizes=\"(max-width: 800px) 100vw, 800px\" \/>\t\t\t\t\t\t\t\t\t\t\t\t\t\t\t<\/div>\n\t\t\t\t<\/div>\n\t\t\t\t<div class=\"elementor-element elementor-element-c098b90 elementor-widget elementor-widget-heading\" data-id=\"c098b90\" data-element_type=\"widget\" data-e-type=\"widget\" data-widget_type=\"heading.default\">\n\t\t\t\t<div class=\"elementor-widget-container\">\n\t\t\t\t\t<h3 class=\"elementor-heading-title elementor-size-default\">Brandschutzanlagen-Projekte<\/h3>\t\t\t\t<\/div>\n\t\t\t\t<\/div>\n\t\t\t\t\t<\/div>\n\t\t\t\t<\/div>\n\t\t\t\t<div class=\"elementor-element elementor-element-5947df9 elementor-align-right elementor-mobile-align-justify elementor-invisible elementor-widget elementor-widget-button\" data-id=\"5947df9\" data-element_type=\"widget\" data-e-type=\"widget\" data-settings=\"{&quot;_animation&quot;:&quot;fadeIn&quot;}\" data-widget_type=\"button.default\">\n\t\t\t\t<div class=\"elementor-widget-container\">\n\t\t\t\t\t\t\t\t\t<div class=\"elementor-button-wrapper\">\n\t\t\t\t\t<a class=\"elementor-button elementor-button-link elementor-size-sm elementor-animation-float\" href=\"https:\/\/killfire.pl\/de\/brandschutzanlagen-projekte\/\">\n\t\t\t\t\t\t<span class=\"elementor-button-content-wrapper\">\n\t\t\t\t\t\t\t\t\t<span class=\"elementor-button-text\">Mehr ansehen<\/span>\n\t\t\t\t\t<\/span>\n\t\t\t\t\t<\/a>\n\t\t\t\t<\/div>\n\t\t\t\t\t\t\t\t<\/div>\n\t\t\t\t<\/div>\n\t\t\t\t\t<\/div>\n\t\t\t\t<\/div>\n\t\t<div class=\"elementor-element elementor-element-dbc6da8 e-flex e-con-boxed e-con e-child\" data-id=\"dbc6da8\" data-element_type=\"container\" data-e-type=\"container\" data-settings=\"{&quot;background_background&quot;:&quot;classic&quot;}\">\n\t\t\t\t\t<div class=\"e-con-inner\">\n\t\t<div class=\"elementor-element elementor-element-166b292 e-flex e-con-boxed e-con e-child\" data-id=\"166b292\" data-element_type=\"container\" data-e-type=\"container\">\n\t\t\t\t\t<div class=\"e-con-inner\">\n\t\t\t\t<div class=\"elementor-element elementor-element-e021b25 elementor-widget__width-auto elementor-widget elementor-widget-image\" data-id=\"e021b25\" data-element_type=\"widget\" data-e-type=\"widget\" data-widget_type=\"image.default\">\n\t\t\t\t<div class=\"elementor-widget-container\">\n\t\t\t\t\t\t\t\t\t\t\t\t\t\t\t<img decoding=\"async\" width=\"800\" height=\"800\" src=\"https:\/\/killfire.pl\/wp-content\/uploads\/2024\/06\/modernizacja-iko.svg\" class=\"attachment-large size-large wp-image-751\" alt=\"\" srcset=\"https:\/\/killfire.pl\/wp-content\/uploads\/\/2024\/06\/modernizacja-iko.svg 150w, https:\/\/killfire.pl\/wp-content\/uploads\/\/2024\/06\/modernizacja-iko.svg 300w, https:\/\/killfire.pl\/wp-content\/uploads\/\/2024\/06\/modernizacja-iko.svg 1024w, https:\/\/killfire.pl\/wp-content\/uploads\/\/2024\/06\/modernizacja-iko.svg 682w\" sizes=\"(max-width: 800px) 100vw, 800px\" \/>\t\t\t\t\t\t\t\t\t\t\t\t\t\t\t<\/div>\n\t\t\t\t<\/div>\n\t\t\t\t<div class=\"elementor-element elementor-element-26bb47a elementor-widget elementor-widget-heading\" data-id=\"26bb47a\" data-element_type=\"widget\" data-e-type=\"widget\" data-widget_type=\"heading.default\">\n\t\t\t\t<div class=\"elementor-widget-container\">\n\t\t\t\t\t<h3 class=\"elementor-heading-title elementor-size-default\">Modernisierung von Brandschutzanlagen<\/h3>\t\t\t\t<\/div>\n\t\t\t\t<\/div>\n\t\t\t\t\t<\/div>\n\t\t\t\t<\/div>\n\t\t\t\t<div class=\"elementor-element elementor-element-55a6512 elementor-align-right elementor-mobile-align-justify elementor-invisible elementor-widget elementor-widget-button\" data-id=\"55a6512\" data-element_type=\"widget\" data-e-type=\"widget\" data-settings=\"{&quot;_animation&quot;:&quot;fadeIn&quot;}\" data-widget_type=\"button.default\">\n\t\t\t\t<div class=\"elementor-widget-container\">\n\t\t\t\t\t\t\t\t\t<div class=\"elementor-button-wrapper\">\n\t\t\t\t\t<a class=\"elementor-button elementor-button-link elementor-size-sm elementor-animation-float\" href=\"https:\/\/killfire.pl\/de\/modernisierung-von-brandschutzanlagen\/\">\n\t\t\t\t\t\t<span class=\"elementor-button-content-wrapper\">\n\t\t\t\t\t\t\t\t\t<span class=\"elementor-button-text\">Mehr ansehen<\/span>\n\t\t\t\t\t<\/span>\n\t\t\t\t\t<\/a>\n\t\t\t\t<\/div>\n\t\t\t\t\t\t\t\t<\/div>\n\t\t\t\t<\/div>\n\t\t\t\t\t<\/div>\n\t\t\t\t<\/div>\n\t\t<div class=\"elementor-element elementor-element-48cbc27 e-flex e-con-boxed e-con e-child\" data-id=\"48cbc27\" data-element_type=\"container\" data-e-type=\"container\" data-settings=\"{&quot;background_background&quot;:&quot;classic&quot;}\">\n\t\t\t\t\t<div class=\"e-con-inner\">\n\t\t<div class=\"elementor-element elementor-element-1c5fb20 e-flex e-con-boxed e-con e-child\" data-id=\"1c5fb20\" data-element_type=\"container\" data-e-type=\"container\">\n\t\t\t\t\t<div class=\"e-con-inner\">\n\t\t\t\t<div class=\"elementor-element elementor-element-38e7a0d elementor-widget__width-auto elementor-widget elementor-widget-image\" data-id=\"38e7a0d\" data-element_type=\"widget\" data-e-type=\"widget\" data-widget_type=\"image.default\">\n\t\t\t\t<div class=\"elementor-widget-container\">\n\t\t\t\t\t\t\t\t\t\t\t\t\t\t\t<img decoding=\"async\" width=\"800\" height=\"800\" src=\"https:\/\/killfire.pl\/wp-content\/uploads\/2024\/06\/serwis-iko.svg\" class=\"attachment-large size-large wp-image-753\" alt=\"\" srcset=\"https:\/\/killfire.pl\/wp-content\/uploads\/\/2024\/06\/serwis-iko.svg 150w, https:\/\/killfire.pl\/wp-content\/uploads\/\/2024\/06\/serwis-iko.svg 300w, https:\/\/killfire.pl\/wp-content\/uploads\/\/2024\/06\/serwis-iko.svg 1024w\" sizes=\"(max-width: 800px) 100vw, 800px\" \/>\t\t\t\t\t\t\t\t\t\t\t\t\t\t\t<\/div>\n\t\t\t\t<\/div>\n\t\t\t\t<div class=\"elementor-element elementor-element-f187c3a elementor-widget elementor-widget-heading\" data-id=\"f187c3a\" data-element_type=\"widget\" data-e-type=\"widget\" data-widget_type=\"heading.default\">\n\t\t\t\t<div class=\"elementor-widget-container\">\n\t\t\t\t\t<h3 class=\"elementor-heading-title elementor-size-default\">Service von Brandschutzanlagen<\/h3>\t\t\t\t<\/div>\n\t\t\t\t<\/div>\n\t\t\t\t\t<\/div>\n\t\t\t\t<\/div>\n\t\t\t\t<div class=\"elementor-element elementor-element-329df9f elementor-align-right elementor-mobile-align-justify elementor-invisible elementor-widget elementor-widget-button\" data-id=\"329df9f\" data-element_type=\"widget\" data-e-type=\"widget\" data-settings=\"{&quot;_animation&quot;:&quot;fadeIn&quot;}\" data-widget_type=\"button.default\">\n\t\t\t\t<div class=\"elementor-widget-container\">\n\t\t\t\t\t\t\t\t\t<div class=\"elementor-button-wrapper\">\n\t\t\t\t\t<a class=\"elementor-button elementor-button-link elementor-size-sm elementor-animation-float\" href=\"https:\/\/killfire.pl\/de\/service-von-brandschutzanlagen\/\">\n\t\t\t\t\t\t<span class=\"elementor-button-content-wrapper\">\n\t\t\t\t\t\t\t\t\t<span class=\"elementor-button-text\">Mehr ansehen<\/span>\n\t\t\t\t\t<\/span>\n\t\t\t\t\t<\/a>\n\t\t\t\t<\/div>\n\t\t\t\t\t\t\t\t<\/div>\n\t\t\t\t<\/div>\n\t\t\t\t\t<\/div>\n\t\t\t\t<\/div>\n\t\t\t\t\t<\/div>\n\t\t\t\t<\/div>\n\t\t\t\t\t<\/div>\n\t\t\t\t<\/div>\n\t\t\t\t<\/div>\n\t\t","protected":false},"excerpt":{"rendered":"<p>KillFire Wir bei Killfire besch\u00e4ftigen uns u. a. mit der Montage von Brandschutzanlagen, die f\u00fcr Geb\u00e4ude mit unterschiedlichen Brandschutzanforderungen entwickelt werden. Wir arbeiten sowohl nach eigenen Planungen als auch nach kundenseitig bereitgestellten Projekten, die \u2013 je nach Bedarf \u2013 Folgendes umfassen k\u00f6nnen:\u2022 Montage von Sprinkleranlagen\u2022 Montage von Schauml\u00f6schanlagen\u2022 Montage von Spr\u00fch- oder Flutl\u00f6schanlagen\u2022 Montage von [&hellip;]<\/p>\n","protected":false},"author":1,"featured_media":0,"parent":0,"menu_order":0,"comment_status":"closed","ping_status":"closed","template":"","meta":{"footnotes":""},"class_list":["post-758","page","type-page","status-publish","hentry"],"_links":{"self":[{"href":"https:\/\/killfire.pl\/de\/wp-json\/wp\/v2\/pages\/758","targetHints":{"allow":["GET"]}}],"collection":[{"href":"https:\/\/killfire.pl\/de\/wp-json\/wp\/v2\/pages"}],"about":[{"href":"https:\/\/killfire.pl\/de\/wp-json\/wp\/v2\/types\/page"}],"author":[{"embeddable":true,"href":"https:\/\/killfire.pl\/de\/wp-json\/wp\/v2\/users\/1"}],"replies":[{"embeddable":true,"href":"https:\/\/killfire.pl\/de\/wp-json\/wp\/v2\/comments?post=758"}],"version-history":[{"count":1,"href":"https:\/\/killfire.pl\/de\/wp-json\/wp\/v2\/pages\/758\/revisions"}],"predecessor-version":[{"id":760,"href":"https:\/\/killfire.pl\/de\/wp-json\/wp\/v2\/pages\/758\/revisions\/760"}],"wp:attachment":[{"href":"https:\/\/killfire.pl\/de\/wp-json\/wp\/v2\/media?parent=758"}],"curies":[{"name":"wp","href":"https:\/\/api.w.org\/{rel}","templated":true}]}}